{"id":53,"date":"2025-08-19T17:13:51","date_gmt":"2025-08-19T17:13:51","guid":{"rendered":"https:\/\/wpcare.pw\/contact\/"},"modified":"2025-10-06T20:08:48","modified_gmt":"2025-10-07T00:08:48","slug":"contact","status":"publish","type":"page","link":"https:\/\/wpcare.pw\/tr\/contact\/","title":{"rendered":"\u0130leti\u015fim"},"content":{"rendered":"<div class=\"section-wrapper\" data-id=\"NIgByg\"><section class=\"wp-block-gutenverse-section guten-element guten-section guten-NIgByg layout-boxed align-stretch\"><div class=\"guten-container guten-column-gap-no\">\n<div class=\"wp-block-gutenverse-column guten-element guten-column guten-nJJVZJ\"><div class=\"guten-column-wrapper\" data-id=\"nJJVZJ\">\n<div class=\"wp-block-gutenverse-image guten-element guten-image guten-Y6SDXn\"><a class=\"guten-image-wrapper\" href=\"https:\/\/wpcare.pw\/tr\/\"><img decoding=\"async\" class=\"gutenverse-image-box-filled\" src=\"http:\/\/wpcare.pw\/wp-content\/uploads\/2025\/08\/WP-Care_logo-scaled-e1756667738688.png\" height=\"768\" width=\"1920\" alt=\"WP Care Logo Scaled E1756667738688\" title=\"\u0130leti\u015fim\"><\/a><\/div>\n<\/div><\/div>\n\n\n\n<div class=\"wp-block-gutenverse-column guten-element guten-column guten-FkNbty\"><div class=\"guten-column-wrapper\" data-id=\"FkNbty\"><div id=\"guten-vIz1Qm\" class=\"guten-element guten-nav-menu nav-menu break-point-tablet submenu-click-title\" data-item-indicator=\"gtn gtn-down-arrow1-light\" data-item-indicator-type=\"icon\" data-item-indicator-svg=\"\" data-close-on-click=\"1\" aria-label=\"\">\n\t\t\t<div class=\"gutenverse-hamburger-wrapper\">\n\t\t\t\t<button class=\"gutenverse-hamburger-menu\" aria-label=\"\">\n\t\t\t\t<i aria-hidden=\"true\" class=\"gtn gtn-bars-solid\"><\/i>\n\t\t\t\t<\/button>\n\t\t\t<\/div>\n\t\t\t<div class=\"guten-nav-overlay\"><\/div>\n\t\t\t<div class=\"gutenverse-menu-wrapper\"><div class=\"gutenverse-menu-container\"><ul id=\"menu-wpcare-main-menu\" class=\"gutenverse-menu\"><li id=\"menu-item-501\" class=\"menu-item-501  menu-item menu-item-type-post_type menu-item-object-page\"><a href=\"javascript:void(0);\" data-href=\"https:\/\/wpcare.pw\/tr\/about\/\" aria-label=\"Hakk\u0131nda\">Hakk\u0131nda<\/a><\/li>\n<li id=\"menu-item-499\" class=\"menu-item-499  menu-item menu-item-type-post_type menu-item-object-page\"><a href=\"javascript:void(0);\" data-href=\"https:\/\/wpcare.pw\/tr\/services\/\" aria-label=\"Hizmetler\">Hizmetler<\/a><\/li>\n<li id=\"menu-item-495\" class=\"menu-item-495  menu-item menu-item-type-post_type menu-item-object-page\"><a href=\"javascript:void(0);\" data-href=\"https:\/\/wpcare.pw\/tr\/pricing\/\" aria-label=\"Fiyatland\u0131rma\">Fiyatland\u0131rma<\/a><\/li>\n<li id=\"menu-item-143\" class=\"menu-item-143  menu-item menu-item-type-post_type menu-item-object-page\"><a href=\"javascript:void(0);\" data-href=\"https:\/\/wpcare.pw\/tr\/clients\/\" aria-label=\"M\u00fc\u015fteriler\">M\u00fc\u015fteriler<\/a><\/li>\n<li id=\"menu-item-496\" class=\"menu-item-496  menu-item menu-item-type-post_type menu-item-object-page\"><a href=\"javascript:void(0);\" data-href=\"https:\/\/wpcare.pw\/tr\/faq\/\" aria-label=\"SSS\">SSS<\/a><\/li>\n<li id=\"menu-item-498\" class=\"menu-item-498  menu-item menu-item-type-post_type menu-item-object-page current_page_parent\"><a href=\"javascript:void(0);\" data-href=\"https:\/\/wpcare.pw\/tr\/blog\/\" aria-label=\"Blog\">Blog<\/a><\/li>\n<li id=\"menu-item-565\" class=\"menu-item-565  menu-item menu-item-type-post_type menu-item-object-page\"><a href=\"javascript:void(0);\" data-href=\"https:\/\/wpcare.pw\/tr\/contact\/\" aria-label=\"\u0130leti\u015fim\">\u0130leti\u015fim<\/a><\/li>\n<\/ul><\/div>\n\t\t\t\t<div>\n\t\t\t\t\t<div class=\"gutenverse-nav-identity-panel\">\n\t\t\t\t\t\t<div class=\"gutenverse-nav-site-title\">\n\t\t\t\t\t\t\t<a aria-label=\"\" href=\"https:\/\/wpcare.pw\/tr\" class=\"gutenverse-nav-logo\"><img fetchpriority=\"high\" decoding=\"async\" loading=\"eager\" src=\"http:\/\/wpcare.pw\/wp-content\/uploads\/2025\/08\/WP-Care_logo-scaled-e1756667738688.png\" alt=\"wpcare.pw - \" width=\"1920\" height=\"768\" title=\"\u0130leti\u015fim\"><\/a>\n\t\t\t\t\t\t<\/div>\n\t\t\t\t\t\t<button class=\"gutenverse-close-menu\" aria-label=\"\"><i aria-hidden=\"true\" class=\"gtn gtn-times-solid\"><\/i><\/button>\n\t\t\t\t\t<\/div>\n\t\t\t\t<\/div>\n\t\t\t<\/div>\n\t\t<\/div><\/div><\/div>\n\n\n\n<div class=\"wp-block-gutenverse-column guten-element guten-column guten-UO0Eia hide-tablet hide-mobile\"><div class=\"guten-column-wrapper\" data-id=\"UO0Eia\">\n<div class=\"guten-element guten-button-wrapper guten-Wd1OWk\"><a class=\"guten-button guten-button-sm\" href=\"https:\/\/wpcare.pw\/tr\/contact\/\"><span>\u015eimdi Ba\u015fla<\/span><\/a><\/div>\n<\/div><\/div>\n<\/div><\/section><\/div>\n\n\n\n<div class=\"section-wrapper\" data-id=\"vxwk9r\"><section class=\"wp-block-gutenverse-section guten-element guten-section guten-vxwk9r layout-fullwidth align-stretch\"><div class=\"guten-container guten-column-gap-no\">\n<div class=\"wp-block-gutenverse-column guten-element guten-column guten-muWCJt\"><div class=\"guten-column-wrapper\" data-id=\"muWCJt\">\n<div class=\"section-wrapper\" data-id=\"hcwmwn\"><section class=\"wp-block-gutenverse-section guten-element guten-section guten-hcwmwn layout-boxed align-stretch\"><div class=\"guten-container guten-column-gap-no\">\n<div class=\"wp-block-gutenverse-column guten-element guten-column guten-opbwHc animated guten-element-hide desktop-fadeInLeft\"><div class=\"guten-column-wrapper\" data-id=\"opbwHc\">\n<div class=\"section-wrapper\" data-id=\"kFxp82\"><section class=\"wp-block-gutenverse-section guten-element guten-section guten-kFxp82 layout-boxed align-stretch\"><div class=\"guten-container guten-column-gap-no\">\n<div class=\"wp-block-gutenverse-column guten-element guten-column guten-LKTkYD\"><div class=\"guten-column-wrapper\" data-id=\"LKTkYD\">\n<div class=\"wp-block-gutenverse-icon guten-element guten-SvPOjz guten-icon\"><span class=\"guten-icon-wrapper custom stacked\"><i class=\"gtn gtn-arrow-up-right-line\"><\/i><\/span><\/div>\n\n\n\n<h5 class=\"wp-block-gutenverse-heading guten-element guten-c8fF3v\">bizimle ileti\u015fime ge\u00e7in<\/h5>\n<\/div><\/div>\n<\/div><\/section><\/div>\n\n\n\n<h1 class=\"wp-block-gutenverse-heading guten-element guten-3x4pjV\">Sorular\u0131n\u0131z m\u0131 var? Hadi \u015fimdi sohbet edelim<\/h1>\n<\/div><\/div>\n\n\n\n<div class=\"wp-block-gutenverse-column guten-element guten-column guten-JJBOev animated guten-element-hide desktop-fadeInLeft\"><div class=\"guten-column-wrapper\" data-id=\"JJBOev\">\n<div class=\"guten-element gutenverse-text-editor guten-aUlvxa\"><div class=\"text-content-inner\">\n<p>H\u0131zl\u0131 yard\u0131m, g\u00fcvenilir destek ve rehberlik i\u00e7in WordPress uzmanlar\u0131m\u0131za ula\u015f\u0131n.<\/p>\n<\/div><\/div>\n<\/div><\/div>\n<\/div><\/section><\/div>\n<\/div><\/div>\n<\/div><\/section><\/div>\n\n\n\n<div class=\"section-wrapper\" data-id=\"OW2Odn\"><section class=\"wp-block-gutenverse-section guten-element guten-section guten-OW2Odn layout-boxed align-stretch\"><div class=\"guten-container guten-column-gap-no\">\n<div class=\"wp-block-gutenverse-column guten-element guten-column guten-M6z4Mh\"><div class=\"guten-column-wrapper\" data-id=\"M6z4Mh\">\n<div class=\"section-wrapper\" data-id=\"5tDIMN\"><section class=\"wp-block-gutenverse-section guten-element guten-section guten-5tDIMN layout-boxed align-stretch\"><div class=\"guten-container guten-column-gap-no\">\n<div class=\"wp-block-gutenverse-column guten-element guten-column guten-gzWUcD animated guten-element-hide desktop-fadeInUp\"><div class=\"guten-column-wrapper\" data-id=\"gzWUcD\">\n<div class=\"wp-block-gutenverse-icon guten-element guten-UEJNCD guten-icon\"><span class=\"guten-icon-wrapper custom stacked\"><i class=\"gtn gtn-map-marker1-light\"><\/i><\/span><\/div>\n\n\n\n<div class=\"guten-element guten-advanced-heading guten-mVe54i\"><div class=\"heading-section\"><h3 class=\"heading-title\"><span class=\"heading-title\">Konumumuz<\/span><span class=\"heading-focus\"><\/span><\/h3><\/div><span class=\"heading-subtitle\">Nida Kule Bat\u0131 No:1\/2<br>Ara\u015fehir \/ \u0130stanbul<\/span><\/div>\n<\/div><\/div>\n\n\n\n<div class=\"wp-block-gutenverse-column guten-element guten-column guten-8EaFZe animated guten-element-hide desktop-fadeInUp\"><div class=\"guten-column-wrapper\" data-id=\"8EaFZe\">\n<div class=\"wp-block-gutenverse-icon guten-element guten-YhyXaw guten-icon\"><span class=\"guten-icon-wrapper custom stacked\"><i class=\"gtn gtn-phone-handset-light\"><\/i><\/span><\/div>\n\n\n\n<div class=\"guten-element guten-advanced-heading guten-qUQ6Xp\"><div class=\"heading-section\"><h3 class=\"heading-title\"><span class=\"heading-title\">Bizi Aray\u0131n<\/span><span class=\"heading-focus\"><\/span><\/h3><\/div><span class=\"heading-subtitle\">+90 541 384 92 90<\/span><\/div>\n<\/div><\/div>\n\n\n\n<div class=\"wp-block-gutenverse-column guten-element guten-column guten-QW64Qk animated guten-element-hide desktop-fadeInUp\"><div class=\"guten-column-wrapper\" data-id=\"QW64Qk\">\n<div class=\"wp-block-gutenverse-icon guten-element guten-dl3WPy guten-icon\"><span class=\"guten-icon-wrapper custom stacked\"><i class=\"gtn gtn-envelope2-light\"><\/i><\/span><\/div>\n\n\n\n<div class=\"guten-element guten-advanced-heading guten-ybbwdh\"><div class=\"heading-section\"><h3 class=\"heading-title\"><span class=\"heading-title\">Bize Mesaj G\u00f6nderin<\/span><span class=\"heading-focus\"><\/span><\/h3><\/div><span class=\"heading-subtitle\">support@wpcare.pw<\/span><\/div>\n<\/div><\/div>\n<\/div><\/section><\/div>\n<\/div><\/div>\n<\/div><\/section><\/div>\n\n\n\n<div class=\"section-wrapper\" data-id=\"1KMhED\"><section class=\"wp-block-gutenverse-section guten-element guten-section guten-1KMhED layout-boxed align-stretch\"><div class=\"guten-container guten-column-gap-no\">\n<div class=\"wp-block-gutenverse-column guten-element guten-column guten-wv8EB0\"><div class=\"guten-column-wrapper\" data-id=\"wv8EB0\">\n<div class=\"section-wrapper\" data-id=\"CQZHRn\"><section class=\"wp-block-gutenverse-section guten-element guten-section guten-CQZHRn layout-boxed align-stretch\"><div class=\"guten-container guten-column-gap-no\">\n<div class=\"wp-block-gutenverse-column guten-element guten-column guten-dQU3d1\"><div class=\"guten-column-wrapper\" data-id=\"dQU3d1\">\n<form style=\"display:none\" class=\"guten-element guten-form-builder guten-MGZG1E\" data-form-id=\"1184\" data-redirect=\"\" action=\"\">\n<h3 class=\"wp-block-gutenverse-heading guten-element guten-C8oKzX\">Bizimle \u0130leti\u015fime Ge\u00e7in<\/h3>\n\n\n\n<div class=\"section-wrapper\" data-id=\"r5uz2A\"><section class=\"wp-block-gutenverse-section guten-element guten-section guten-r5uz2A layout-boxed align-stretch\"><div class=\"guten-container guten-column-gap-no\">\n<div class=\"wp-block-gutenverse-column guten-element guten-column guten-ZPUJR2\"><div class=\"guten-column-wrapper\" data-id=\"ZPUJR2\">\n<div class=\"guten-element guten-form-input-text guten-form-input guten-input-position-top guten-51objk hide-helper\"><div class=\"label-wrapper\"><label class=\"input-label\">Ad\u0131n\u0131z<\/label><\/div><div class=\"main-wrapper\"><input data-validation=\"{&quot;type&quot;:&quot;text&quot;,&quot;required&quot;:false,&quot;validationType&quot;:&quot;none&quot;,&quot;validationWarning&quot;:&quot;Input Invalid&quot;}\" placeholder=\"Ad\u0131n\u0131z\u0131 girin\" name=\"input-text-name\" class=\"gutenverse-input gutenverse-input-text\" type=\"text\"\/><div class=\"validation-error\">Giri\u015f Ge\u00e7ersiz<\/div><\/div><\/div>\n<\/div><\/div>\n\n\n\n<div class=\"wp-block-gutenverse-column guten-element guten-column guten-8m1uYQ\"><div class=\"guten-column-wrapper\" data-id=\"8m1uYQ\">\n<div class=\"guten-element guten-form-input-email guten-form-input guten-input-position-top guten-uHjHLY hide-helper\"><div class=\"label-wrapper\"><label class=\"input-label\">E-postan\u0131z<\/label><\/div><div class=\"main-wrapper\"><input data-validation=\"{&quot;type&quot;:&quot;email&quot;,&quot;required&quot;:false,&quot;validationType&quot;:&quot;none&quot;,&quot;validationWarning&quot;:&quot;Input Invalid&quot;}\" placeholder=\"you@company.com\" name=\"input-email\" class=\"gutenverse-input gutenverse-input-email\" type=\"email\"\/><div class=\"validation-error\">Giri\u015f Ge\u00e7ersiz<\/div><\/div><\/div>\n<\/div><\/div>\n<\/div><\/section><\/div>\n\n\n\n<div class=\"guten-element guten-form-input-text guten-form-input guten-input-position-top guten-A747dt hide-helper\"><div class=\"label-wrapper\"><label class=\"input-label\">Konu<\/label><\/div><div class=\"main-wrapper\"><input data-validation=\"{&quot;type&quot;:&quot;text&quot;,&quot;required&quot;:false,&quot;validationType&quot;:&quot;none&quot;,&quot;validationWarning&quot;:&quot;Input Invalid&quot;}\" placeholder=\"\u00dcnvan\u0131n\u0131z\" name=\"input-text-subject\" class=\"gutenverse-input gutenverse-input-text\" type=\"text\"\/><div class=\"validation-error\">Giri\u015f Ge\u00e7ersiz<\/div><\/div><\/div>\n\n\n\n<div class=\"guten-element guten-form-input-textarea guten-form-input guten-input-position-top guten-sNBSUd hide-helper\"><div class=\"label-wrapper\"><label class=\"input-label\">Mesaj<\/label><\/div><div class=\"main-wrapper\"><textarea data-validation=\"{&quot;type&quot;:&quot;textarea&quot;,&quot;required&quot;:false,&quot;validationType&quot;:&quot;none&quot;,&quot;validationWarning&quot;:&quot;Input Invalid&quot;}\" placeholder=\"Bize mesaj b\u0131rak\u0131n...\" name=\"input-textarea\" class=\"gutenverse-input gutenverse-input-text\"><\/textarea><div class=\"validation-error\">Giri\u015f Ge\u00e7ersiz<\/div><\/div><\/div>\n\n\n\n<div class=\"guten-element guten-button-wrapper guten-submit-wrapper guten-XYFajV\"><div class=\"form-notification\"><\/div><button class=\"guten-button gutenverse-input-submit guten-button-sm\" type=\"submit\"><span>Mesaj G\u00f6nder<\/span><\/button><div class=\"gutenverse-input-submit-loader\"><i class=\"fas fa-spinner fa-spin\"><\/i><\/div><\/div>\n<input type=\"hidden\" name=\"trp-form-language\" value=\"tr\"\/><\/form>\n<\/div><\/div>\n\n\n\n<div class=\"wp-block-gutenverse-column guten-element guten-column guten-TEov6v\"><div class=\"guten-column-wrapper\" data-id=\"TEov6v\">\n<div class=\"guten-element guten-spacer guten-0qmijp hide-tablet hide-mobile\"><\/div>\n\n\n\n<div class=\"guten-element gutenverse-maps guten-maps guten-kgrMyR\" data-src=\"https:\/\/maps.google.com\/maps?q=Panicworkz%20Digital%20Agency%20%26%20Outsourcing&amp;z=14&amp;t=m&amp;output=embed&amp;iwloc=near\"><iframe frameborder=\"0\" scrolling=\"no\" marginheight=\"0\" marginwidth=\"0\" src=\"\" title=\"Panicworkz Dijital Ajans ve D\u0131\u015f Kaynak Kullan\u0131m\u0131\"><\/iframe><\/div>\n<\/div><\/div>\n<\/div><\/section><\/div>\n<\/div><\/div>\n<\/div><\/section><\/div>\n\n\n\n<div class=\"section-wrapper\" data-id=\"IDZEiT\"><section class=\"wp-block-gutenverse-section guten-element guten-section guten-IDZEiT layout-fullwidth align-stretch\"><div class=\"guten-background-overlay\"><\/div><div class=\"guten-container guten-column-gap-no\">\n<div class=\"wp-block-gutenverse-column guten-element guten-column guten-KlZeo7\"><div class=\"guten-column-wrapper\" data-id=\"KlZeo7\">\n<div class=\"section-wrapper\" data-id=\"nDvl2I\"><section class=\"wp-block-gutenverse-section guten-element guten-section guten-nDvl2I layout-boxed align-stretch\"><div class=\"guten-container guten-column-gap-no\">\n<div class=\"wp-block-gutenverse-column guten-element guten-column guten-nx6adX\"><div class=\"guten-column-wrapper\" data-id=\"nx6adX\">\n<h2 class=\"wp-block-gutenverse-heading guten-element guten-n6GxLu\">WPCare \u2014 Backups, Optimization &#038; WordPress Maintenance<\/h2>\n<\/div><\/div>\n\n\n\n<div class=\"wp-block-gutenverse-column guten-element guten-column guten-q4OXW1\"><div class=\"guten-column-wrapper\" data-id=\"q4OXW1\">\n<div class=\"section-wrapper\" data-id=\"LtVdAD\"><section class=\"wp-block-gutenverse-section guten-element guten-section guten-LtVdAD layout-boxed align-stretch\"><div class=\"guten-container guten-column-gap-no\">\n<div class=\"wp-block-gutenverse-column guten-element guten-column guten-8SdO5D\"><div class=\"guten-column-wrapper\" data-id=\"8SdO5D\">\n<h3 class=\"wp-block-gutenverse-heading guten-element guten-4QIFfo\">B\u00fcltenimize Kat\u0131l\u0131n<\/h3>\n\n\n\n<form style=\"display:none\" class=\"guten-element guten-form-builder guten-PV3iDD\" data-form-id=\"1174\" action=\"\">\n<div class=\"guten-element guten-form-input-email guten-form-input guten-input-position-top guten-7tAxqv hide-label hide-helper\"><div class=\"label-wrapper\"><\/div><div class=\"main-wrapper\"><input data-validation=\"{&quot;type&quot;:&quot;email&quot;,&quot;required&quot;:false,&quot;validationType&quot;:&quot;none&quot;,&quot;validationWarning&quot;:&quot;Input Invalid&quot;}\" placeholder=\"you@company.com\" name=\"input-email\" class=\"gutenverse-input gutenverse-input-email\" type=\"email\"\/><div class=\"validation-error\">Giri\u015f Ge\u00e7ersiz<\/div><\/div><\/div>\n\n\n\n<div class=\"guten-element guten-button-wrapper guten-submit-wrapper guten-FhC3Au\"><div class=\"form-notification\"><\/div><button class=\"guten-button gutenverse-input-submit guten-button-sm\" type=\"submit\"><i class=\"fa-lg gtn gtn-arrow-right-light\"><\/i><span><\/span><\/button><div class=\"gutenverse-input-submit-loader\"><i class=\"fas fa-spinner fa-spin\"><\/i><\/div><\/div>\n<input type=\"hidden\" name=\"trp-form-language\" value=\"tr\"\/><\/form>\n\n\n\n<div class=\"guten-element gutenverse-text-editor guten-KEUcea\"><div class=\"text-content-inner\">\n<p>G\u00fcncellemeleri al\u0131n, spam'siz garanti!<\/p>\n<\/div><\/div>\n<\/div><\/div>\n<\/div><\/section><\/div>\n\n\n\n<div class=\"guten-element guten-spacer guten-8ItzEp hide-mobile\"><\/div>\n<\/div><\/div>\n<\/div><\/section><\/div>\n\n\n\n<div class=\"section-wrapper\" data-id=\"rQtUCb\"><section class=\"wp-block-gutenverse-section guten-element guten-section guten-rQtUCb layout-boxed align-stretch\"><div class=\"guten-container guten-column-gap-no\">\n<div class=\"wp-block-gutenverse-column guten-element guten-column guten-UB3JXI\"><div class=\"guten-column-wrapper\" data-id=\"UB3JXI\">\n<div class=\"wp-block-gutenverse-image guten-element guten-image guten-AqtHdL\"><a class=\"guten-image-wrapper\" href=\"https:\/\/wpcare.pw\/tr\"><img decoding=\"async\" class=\"gutenverse-image-box-filled\" src=\"http:\/\/wpcare.pw\/wp-content\/uploads\/2025\/08\/WP-Care_logo-1-scaled-e1756673769133.png\" height=\"627\" width=\"627\" alt=\"WP Care Logo 1 Scaled E1756673769133\" title=\"\u0130leti\u015fim\"><\/a><\/div>\n<\/div><\/div>\n\n\n\n<div class=\"wp-block-gutenverse-column guten-element guten-column guten-Wu9xIz\"><div class=\"guten-column-wrapper\" data-id=\"Wu9xIz\">\n<div class=\"section-wrapper\" data-id=\"RNtW8O\"><section class=\"wp-block-gutenverse-section guten-element guten-section guten-RNtW8O layout-boxed align-stretch\"><div class=\"guten-container guten-column-gap-no\">\n<div class=\"wp-block-gutenverse-column guten-element guten-column guten-Wmz9Vz\"><div class=\"guten-column-wrapper\" data-id=\"Wmz9Vz\">\n<h4 class=\"wp-block-gutenverse-heading guten-element guten-GKYKCQ\">\u015eirket<\/h4>\n\n\n\n<div class=\"guten-element guten-icon-list guten-sBTNw1\"><div class=\"list-wrapper\">\n<div class=\"guten-element guten-icon-list-item guten-SUMSOI\"><div class=\"list-divider\"><\/div><a id=\"guten-SUMSOI\" href=\"https:\/\/wpcare.pw\/tr\/about\/\"><i class=\"fas fa-check\"><\/i><span class=\"list-text\">Hakk\u0131m\u0131zda<\/span><\/a><\/div>\n\n\n\n<div class=\"guten-element guten-icon-list-item guten-7Mj3Fw\"><div class=\"list-divider\"><\/div><a id=\"guten-7Mj3Fw\" href=\"https:\/\/wpcare.pw\/tr\/services\/\"><i class=\"fas fa-check\"><\/i><span class=\"list-text\">Hizmetler<\/span><\/a><\/div>\n\n\n\n<div class=\"guten-element guten-icon-list-item guten-OACEi0\"><div class=\"list-divider\"><\/div><a id=\"guten-OACEi0\" href=\"https:\/\/wpcare.pw\/tr\/pricing\/\"><i class=\"fas fa-check\"><\/i><span class=\"list-text\">Fiyatland\u0131rma<\/span><\/a><\/div>\n\n\n\n<div class=\"guten-element guten-icon-list-item guten-Mo1mlM\"><div class=\"list-divider\"><\/div><a id=\"guten-Mo1mlM\" href=\"https:\/\/wpcare.pw\/tr\/clients\/\"><i class=\"fas fa-check\"><\/i><span class=\"list-text\">M\u00fc\u015fteriler<\/span><\/a><\/div>\n\n\n\n<div class=\"guten-element guten-icon-list-item guten-xTwfG4\"><div class=\"list-divider\"><\/div><a id=\"guten-xTwfG4\" href=\"https:\/\/wpcare.pw\/tr\/faq\/\"><i class=\"fas fa-check\"><\/i><span class=\"list-text\">SSS<\/span><\/a><\/div>\n\n\n\n<div class=\"guten-element guten-icon-list-item guten-zrtv71\"><div class=\"list-divider\"><\/div><a id=\"guten-zrtv71\" href=\"https:\/\/wpcare.pw\/tr\/blog\/\"><i class=\"fas fa-check\"><\/i><span class=\"list-text\">Blog<\/span><\/a><\/div>\n<\/div><\/div>\n<\/div><\/div>\n\n\n\n<div class=\"wp-block-gutenverse-column guten-element guten-column guten-6xHywA\"><div class=\"guten-column-wrapper\" data-id=\"6xHywA\">\n<h4 class=\"wp-block-gutenverse-heading guten-element guten-FobYny\">Yasal<\/h4>\n\n\n\n<div class=\"guten-element guten-icon-list guten-gXhzuG\"><div class=\"list-wrapper\">\n<div class=\"guten-element guten-icon-list-item guten-mGM8UP\"><div class=\"list-divider\"><\/div><a id=\"guten-mGM8UP\"><i class=\"fas fa-check\"><\/i><span class=\"list-text\">Destek<\/span><\/a><\/div>\n\n\n\n<div class=\"guten-element guten-icon-list-item guten-RKH9gb\"><div class=\"list-divider\"><\/div><a id=\"guten-RKH9gb\"><i class=\"fas fa-check\"><\/i><span class=\"list-text\">Gizlilik Politikas\u0131<\/span><\/a><\/div>\n\n\n\n<div class=\"guten-element guten-icon-list-item guten-04XMok\"><div class=\"list-divider\"><\/div><a id=\"guten-04XMok\"><i class=\"fas fa-check\"><\/i><span class=\"list-text\">Hizmet \u015eartlar\u0131<\/span><\/a><\/div>\n<\/div><\/div>\n<\/div><\/div>\n\n\n\n<div class=\"wp-block-gutenverse-column guten-element guten-column guten-m01h8T\"><div class=\"guten-column-wrapper\" data-id=\"m01h8T\">\n<h4 class=\"wp-block-gutenverse-heading guten-element guten-YXgriA\">A\u011f\u0131m\u0131z<\/h4>\n\n\n\n<div class=\"guten-element guten-icon-list guten-23MDHU\"><div class=\"list-wrapper\">\n<div class=\"guten-element guten-icon-list-item guten-KVjO48 pw-icon-link\"><div class=\"list-divider\"><\/div><a id=\"guten-KVjO48\" href=\"https:\/\/wpcare.pwwpagency.pw\" target=\"\" rel=\"noreferrer noopener\"><i class=\"fas fa-check\"><\/i><span class=\"list-text\">aicall.pw<\/span><\/a><\/div>\n\n\n\n<div class=\"guten-element guten-icon-list-item guten-QSGU0R pw-icon-link\"><div class=\"list-divider\"><\/div><a id=\"guten-QSGU0R\" href=\"https:\/\/wpcare.pwwpagency.pw\" target=\"\" rel=\"noreferrer noopener\"><i class=\"fas fa-check\"><\/i><span class=\"list-text\">fabelo.io<\/span><\/a><\/div>\n\n\n\n<div class=\"guten-element guten-icon-list-item guten-58CfTC pw-icon-link\"><div class=\"list-divider\"><\/div><a id=\"guten-58CfTC\" href=\"https:\/\/wpcare.pwwpagency.pw\" target=\"\" rel=\"noreferrer noopener\"><i class=\"fas fa-check\"><\/i><span class=\"list-text\">panicworkz.com<\/span><\/a><\/div>\n<\/div><\/div>\n<\/div><\/div>\n\n\n\n<div class=\"wp-block-gutenverse-column guten-element guten-column guten-9BUPJD\"><div class=\"guten-column-wrapper\" data-id=\"9BUPJD\">\n<h4 class=\"wp-block-gutenverse-heading guten-element guten-TjytAe\">\u0130leti\u015fim<\/h4>\n\n\n\n<div class=\"guten-element guten-icon-list guten-4vJehN\"><div class=\"list-wrapper\">\n<div class=\"guten-element guten-icon-list-item guten-wQOWnJ\"><div class=\"list-divider\"><\/div><a id=\"guten-wQOWnJ\"><i class=\"fas fa-check\"><\/i><span class=\"list-text\">Nida Kule Bat\u0131 N:1\/2<\/span><\/a><\/div>\n\n\n\n<div class=\"guten-element guten-icon-list-item guten-SHHxl9\"><div class=\"list-divider\"><\/div><a id=\"guten-SHHxl9\"><i class=\"fas fa-check\"><\/i><span class=\"list-text\">Ata\u015fehir \/ \u0130stanbul<\/span><\/a><\/div>\n\n\n\n<div class=\"guten-element guten-icon-list-item guten-Olq5Rz\"><div class=\"list-divider\"><\/div><a id=\"guten-Olq5Rz\"><i class=\"fas fa-check\"><\/i><span class=\"list-text\">support@wpcare.pw<\/span><\/a><\/div>\n<\/div><\/div>\n<\/div><\/div>\n<\/div><\/section><\/div>\n<\/div><\/div>\n<\/div><\/section><\/div>\n\n\n\n<div class=\"section-wrapper\" data-id=\"Y5GiPT\"><section class=\"wp-block-gutenverse-section guten-element guten-section guten-Y5GiPT layout-fullwidth align-stretch\"><div class=\"guten-container guten-column-gap-no\">\n<div class=\"wp-block-gutenverse-column guten-element guten-column guten-K7Cy3r\"><div class=\"guten-column-wrapper\" data-id=\"K7Cy3r\">\n<div class=\"section-wrapper\" data-id=\"lLzsuE\"><section class=\"wp-block-gutenverse-section guten-element guten-section guten-lLzsuE layout-boxed align-stretch\"><div class=\"guten-container guten-column-gap-no\">\n<div class=\"wp-block-gutenverse-column guten-element guten-column guten-p3VB60\"><div class=\"guten-column-wrapper\" data-id=\"p3VB60\">\n<div class=\"guten-element gutenverse-text-editor guten-SfPFgi\"><div class=\"text-content-inner\">\n<p>\u00a9 2025 WpCare.pw. All rights reserved. Powered by <a href=\"https:\/\/panicworkz.com\/\" data-type=\"link\" data-id=\"https:\/\/panicworkz.com\/\" target=\"_blank\" rel=\"noreferrer noopener\">Panicworkz Digital Agency &amp; Outsourcing<\/a><\/p>\n<\/div><\/div>\n<\/div><\/div>\n\n\n\n<div class=\"wp-block-gutenverse-column guten-element guten-column guten-fcmTwY\"><div class=\"guten-column-wrapper\" data-id=\"fcmTwY\">\n<div class=\"guten-element guten-social-icons guten-IU5pZT rounded horizontal fill\">\n<div class=\"guten-element guten-social-icon guten-Ywj87o link\"><a id=\"guten-Ywj87o\" href=\"https:\/\/www.linkedin.com\/company\/panicworkz\/\"><i class=\"fab fa-linkedin-in\"><\/i><\/a><\/div>\n\n\n\n<div class=\"guten-element guten-social-icon guten-Fegv1J instagram\"><a id=\"guten-Fegv1J\"><i class=\"fab fa-instagram\"><\/i><\/a><\/div>\n\n\n\n<div class=\"guten-element guten-social-icon guten-79AvYE facebook\"><a id=\"guten-79AvYE\"><i class=\"fab fa-facebook-f\"><\/i><\/a><\/div>\n\n\n\n<div class=\"guten-element guten-social-icon guten-LoLMFP youtube\"><a id=\"guten-LoLMFP\"><i class=\"fab fa-youtube\"><\/i><\/a><\/div>\n<\/div>\n<\/div><\/div>\n<\/div><\/section><\/div>\n<\/div><\/div>\n<\/div><\/section><\/div>\n<\/div><\/div>\n<\/div><\/section><\/div>","protected":false},"excerpt":{"rendered":"","protected":false},"author":1,"featured_media":0,"parent":0,"menu_order":0,"comment_status":"closed","ping_status":"closed","template":"blank-canvas","meta":{"_acf_changed":false,"jetpack_post_was_ever_published":false,"iawp_total_views":1069,"footnotes":""},"class_list":["post-53","page","type-page","status-publish","hentry"],"acf":[],"jetpack_sharing_enabled":true,"_links":{"self":[{"href":"https:\/\/wpcare.pw\/tr\/wp-json\/wp\/v2\/pages\/53","targetHints":{"allow":["GET"]}}],"collection":[{"href":"https:\/\/wpcare.pw\/tr\/wp-json\/wp\/v2\/pages"}],"about":[{"href":"https:\/\/wpcare.pw\/tr\/wp-json\/wp\/v2\/types\/page"}],"author":[{"embeddable":true,"href":"https:\/\/wpcare.pw\/tr\/wp-json\/wp\/v2\/users\/1"}],"replies":[{"embeddable":true,"href":"https:\/\/wpcare.pw\/tr\/wp-json\/wp\/v2\/comments?post=53"}],"version-history":[{"count":5,"href":"https:\/\/wpcare.pw\/tr\/wp-json\/wp\/v2\/pages\/53\/revisions"}],"predecessor-version":[{"id":1196,"href":"https:\/\/wpcare.pw\/tr\/wp-json\/wp\/v2\/pages\/53\/revisions\/1196"}],"wp:attachment":[{"href":"https:\/\/wpcare.pw\/tr\/wp-json\/wp\/v2\/media?parent=53"}],"curies":[{"name":"wp","href":"https:\/\/api.w.org\/{rel}","templated":true}]}}